{"id":19,"date":"2013-06-14T17:51:54","date_gmt":"2013-06-14T15:51:54","guid":{"rendered":"https:\/\/foerderverein-gs-osann-monzel.de\/web\/?page_id=19"},"modified":"2016-05-09T19:19:20","modified_gmt":"2016-05-09T17:19:20","slug":"home","status":"publish","type":"page","link":"https:\/\/foerderverein-gs-osann-monzel.de\/web\/","title":{"rendered":"Home"},"content":{"rendered":"<p><img decoding=\"async\" loading=\"lazy\" class=\"banner\" alt=\"banner_bg\" src=\"https:\/\/foerderverein-gs-osann-monzel.de\/web\/wp-content\/uploads\/2013\/06\/banner_bg.png\" width=\"900\" height=\"174\" \/><\/p>\n<h2 style=\"margin-bottom: 0px; padding-top: 0px; padding-right: 0px; padding-bottom: 0px;\">Willkommen auf der Webseite<\/h2>\n<h2 style=\"padding-top: 0px; padding-right: 0px; padding-bottom: 0px;\">des F\u00f6rdervereins der Grundschule Osann-Monzel<\/h2>\n<p style=\"padding-right: 180px; text-align: left;\">Zusch\u00fcsse f\u00fcr Klassenfahrten, B\u00fccher, Spielger\u00e4te &#8230;<\/p>\n<p style=\"padding-right: 180px;\">Alles kostet Geld, das f\u00fcr die Schulen jedoch nicht immer zur Verf\u00fcgung steht.\u00a0<img decoding=\"async\" loading=\"lazy\" class=\"bildr\" alt=\"Logo-Kinder\" src=\"https:\/\/foerderverein-gs-osann-monzel.de\/web\/wp-content\/uploads\/2013\/06\/Logo-Kinder.jpg\" width=\"300\" height=\"250\" \/>Um bei der Finanzierung dieser und anderer Aufgaben zu helfen, hat sich an der Grundschule Osann-Monzel jetzt ein F\u00f6rderverein gegr\u00fcndet.<\/p>\n<p style=\"padding-right: 180px; text-align: left;\">Auf unserer Webseite finden Sie Informationen rund um den F\u00f6rderverein und seine Aktivit\u00e4ten.<\/p>\n<p style=\"padding-right: 180px; text-align: left;\">Wir w\u00fcrden uns freuen auch Sie als Mitglied oder Sponsor begr\u00fc\u00dfen zu d\u00fcrfen !<\/p>\n<p style=\"padding-right: 180px; text-align: left;\">\n","protected":false},"excerpt":{"rendered":"<p>Willkommen auf der Webseite des F\u00f6rdervereins der Grundschule Osann-Monzel Zusch\u00fcsse f\u00fcr Klassenfahrten, B\u00fccher, Spielger\u00e4te &#8230; Alles kostet Geld, das f\u00fcr die Schulen jedoch nicht immer zur Verf\u00fcgung steht.\u00a0Um bei der Finanzierung dieser und anderer Aufgaben zu helfen, hat sich an der Grundschule Osann-Monzel jetzt ein F\u00f6rderverein gegr\u00fcndet. Auf unserer Webseite finden Sie Informationen rund um [&hellip;]<\/p>\n","protected":false},"author":1,"featured_media":0,"parent":0,"menu_order":0,"comment_status":"open","ping_status":"closed","template":"","meta":[],"_links":{"self":[{"href":"https:\/\/foerderverein-gs-osann-monzel.de\/web\/wp-json\/wp\/v2\/pages\/19"}],"collection":[{"href":"https:\/\/foerderverein-gs-osann-monzel.de\/web\/wp-json\/wp\/v2\/pages"}],"about":[{"href":"https:\/\/foerderverein-gs-osann-monzel.de\/web\/wp-json\/wp\/v2\/types\/page"}],"author":[{"embeddable":true,"href":"https:\/\/foerderverein-gs-osann-monzel.de\/web\/wp-json\/wp\/v2\/users\/1"}],"replies":[{"embeddable":true,"href":"https:\/\/foerderverein-gs-osann-monzel.de\/web\/wp-json\/wp\/v2\/comments?post=19"}],"version-history":[{"count":28,"href":"https:\/\/foerderverein-gs-osann-monzel.de\/web\/wp-json\/wp\/v2\/pages\/19\/revisions"}],"predecessor-version":[{"id":22,"href":"https:\/\/foerderverein-gs-osann-monzel.de\/web\/wp-json\/wp\/v2\/pages\/19\/revisions\/22"}],"wp:attachment":[{"href":"https:\/\/foerderverein-gs-osann-monzel.de\/web\/wp-json\/wp\/v2\/media?parent=19"}],"curies":[{"name":"wp","href":"https:\/\/api.w.org\/{rel}","templated":true}]}}