{"id":987489061,"date":"2023-03-11T14:37:52","date_gmt":"2023-03-11T13:37:52","guid":{"rendered":"https:\/\/foerderverein-gs-osann-monzel.de\/cms\/?page_id=987489061"},"modified":"2024-04-08T21:13:29","modified_gmt":"2024-04-08T19:13:29","slug":"ich-moechte-mitglied-werden","status":"publish","type":"page","link":"https:\/\/foerderverein-gs-osann-monzel.de\/cms\/ich-moechte-mitglied-werden\/","title":{"rendered":"Ich m\u00f6chte Mitglied werden"},"content":{"rendered":"<p>[et_pb_section fb_built=&#8220;1&#8243; _builder_version=&#8220;4.19.5&#8243; _module_preset=&#8220;default&#8220; global_colors_info=&#8220;{}&#8220;][et_pb_row _builder_version=&#8220;4.19.5&#8243; _module_preset=&#8220;default&#8220; global_colors_info=&#8220;{}&#8220;][et_pb_column type=&#8220;4_4&#8243; _builder_version=&#8220;4.19.5&#8243; _module_preset=&#8220;default&#8220; global_colors_info=&#8220;{}&#8220;][et_pb_text _builder_version=&#8220;4.20.2&#8243; _module_preset=&#8220;default&#8220; header_2_font=&#8220;||||||||&#8220; header_2_text_color=&#8220;#0C71C3&#8243; global_colors_info=&#8220;{}&#8220;]<\/p>\n<h2><strong>Du m\u00f6chtest dem F\u00f6rderverein<br \/>\nGrundschule Osann-Monzel e.V. als Mitglied beitreten ?<\/strong><\/h2>\n<p><span><\/span><\/p>\n<p>[\/et_pb_text][et_pb_text _builder_version=&#8220;4.20.2&#8243; _module_preset=&#8220;default&#8220; custom_margin=&#8220;||26px|||&#8220; global_colors_info=&#8220;{}&#8220;]<\/p>\n<p><strong>Du kannst dich \u00fcber das u.a. Registrierungs-Formular anmelden oder alternativ \u00fcber unser Formular im Flyer des F\u00f6rdervereins, der <a href=\"https:\/\/foerderverein-gs-osann-monzel.de\/cms\/wp-content\/uploads\/2023\/03\/Flyer.pdf\">hier zum Download <\/a>bereitgestellt wird. Diesen kannst du einfach beim Vorstand abgeben.<\/strong><\/p>\n<p><strong><\/strong><\/p>\n<p><strong>Der Mitgliedsbeitrag betr\u00e4gt 12,00 EUR pro Jahr.<\/strong><\/p>\n<p><strong>Auf Wunsch endet die Mitgliedschaft automatisch mit dem Ende der<\/strong><br \/><strong>Grundschulzeit deines Kindes \/ deiner Kinder.<\/strong><\/p>\n<p><strong>Die Mitgliedsbeitr\u00e4ge sind sogar steuerlich absetzbar!<\/strong><\/p>\n<p>&nbsp;<\/p>\n<p>[\/et_pb_text][et_pb_image src=&#8220;https:\/\/foerderverein-gs-osann-monzel.de\/cms\/wp-content\/uploads\/2023\/02\/banner_bg-1.png&#8220; title_text=&#8220;banner_bg 1&#8243; align=&#8220;center&#8220; _builder_version=&#8220;4.20.2&#8243; _module_preset=&#8220;default&#8220; global_colors_info=&#8220;{}&#8220;][\/et_pb_image][\/et_pb_column][\/et_pb_row][et_pb_row column_structure=&#8220;1_2,1_2&#8243; _builder_version=&#8220;4.19.5&#8243; _module_preset=&#8220;default&#8220; custom_margin=&#8220;||||false|false&#8220; custom_padding=&#8220;|9px||||&#8220; global_colors_info=&#8220;{}&#8220;][et_pb_column type=&#8220;1_2&#8243; _builder_version=&#8220;4.19.5&#8243; _module_preset=&#8220;default&#8220; global_colors_info=&#8220;{}&#8220;][et_pb_text _builder_version=&#8220;4.20.2&#8243; _module_preset=&#8220;default&#8220; custom_margin=&#8220;||26px|||&#8220; global_colors_info=&#8220;{}&#8220;]<\/p>\n<div class=\"formcontainer2\">\n<p><strong>Unser Anmeldeformular zur Mitgliedschaft im F\u00f6rderverein der Grundschule Osann-Monzel e.V.<\/strong><\/p>\n<\/div>\n<p>[\/et_pb_text][et_pb_contact_form email=&#8220;info@foerderverein-gs-osann-monzel.de&#8220; custom_message=&#8220;Folgender Besucher hat Interesse an einer Mitgliedschaft im F\u00f6rderverein der Grundschule Osann-Monzel e.V.||et_pb_line_break_holder||||et_pb_line_break_holder||Name: %%Name%%||et_pb_line_break_holder||Strasse,Hausnummer: %%Strasse%%||et_pb_line_break_holder||PLZ und Ort: %%Ort%%||et_pb_line_break_holder||Telefon: %%Telefon%%||et_pb_line_break_holder||E-Mail: %%Email%%||et_pb_line_break_holder||||et_pb_line_break_holder||Die Satzung wurde zur Kenntnis genommen und akzeptiert! ||et_pb_line_break_holder||Der DSGVO-Hinweis wurde zur Kenntnis genommen und akzeptiert! &#8220; success_message=&#8220;Ihre Nachricht wurde erfolgreich an uns \u00fcbermittelt&#8220; _builder_version=&#8220;4.20.2&#8243; _module_preset=&#8220;default&#8220; _unique_id=&#8220;e76dee41-4304-4b89-8188-9fa25967b26b&#8220; background_color=&#8220;#FFFFFF&#8220; custom_margin=&#8220;||12px|||&#8220; hover_enabled=&#8220;0&#8243; global_colors_info=&#8220;{}&#8220; sticky_enabled=&#8220;0&#8243;][et_pb_contact_field field_id=&#8220;Name&#8220; field_title=&#8220;Name*&#8220; fullwidth_field=&#8220;on&#8220; _builder_version=&#8220;4.20.2&#8243; global_colors_info=&#8220;{}&#8220; button_text_size__hover_enabled=&#8220;off&#8220; button_one_text_size__hover_enabled=&#8220;off&#8220; button_two_text_size__hover_enabled=&#8220;off&#8220; button_text_color__hover_enabled=&#8220;off&#8220; button_one_text_color__hover_enabled=&#8220;off&#8220; button_two_text_color__hover_enabled=&#8220;off&#8220; button_border_width__hover_enabled=&#8220;off&#8220; button_one_border_width__hover_enabled=&#8220;off&#8220; button_two_border_width__hover_enabled=&#8220;off&#8220; button_border_color__hover_enabled=&#8220;off&#8220; button_one_border_color__hover_enabled=&#8220;off&#8220; button_two_border_color__hover_enabled=&#8220;off&#8220; button_border_radius__hover_enabled=&#8220;off&#8220; button_one_border_radius__hover_enabled=&#8220;off&#8220; button_two_border_radius__hover_enabled=&#8220;off&#8220; button_letter_spacing__hover_enabled=&#8220;off&#8220; button_one_letter_spacing__hover_enabled=&#8220;off&#8220; button_two_letter_spacing__hover_enabled=&#8220;off&#8220; button_bg_color__hover_enabled=&#8220;off&#8220; button_one_bg_color__hover_enabled=&#8220;off&#8220; button_two_bg_color__hover_enabled=&#8220;off&#8220;][\/et_pb_contact_field][et_pb_contact_field field_id=&#8220;Strasse&#8220; field_title=&#8220;Stra\u00dfe und Hausnummer*&#8220; fullwidth_field=&#8220;on&#8220; _builder_version=&#8220;4.20.2&#8243; _module_preset=&#8220;default&#8220; width=&#8220;100%&#8220; max_width=&#8220;100%&#8220; global_colors_info=&#8220;{}&#8220;][\/et_pb_contact_field][et_pb_contact_field field_id=&#8220;Ort&#8220; field_title=&#8220;PLZ und Ort*&#8220; fullwidth_field=&#8220;on&#8220; _builder_version=&#8220;4.20.2&#8243; _module_preset=&#8220;default&#8220; global_colors_info=&#8220;{}&#8220;][\/et_pb_contact_field][et_pb_contact_field field_id=&#8220;Telefon&#8220; field_title=&#8220;Telefon&#8220; required_mark=&#8220;off&#8220; fullwidth_field=&#8220;on&#8220; _builder_version=&#8220;4.20.2&#8243; _module_preset=&#8220;default&#8220; global_colors_info=&#8220;{}&#8220;][\/et_pb_contact_field][et_pb_contact_field field_id=&#8220;Email&#8220; field_title=&#8220;E-Mail-Adresse*&#8220; field_type=&#8220;email&#8220; fullwidth_field=&#8220;on&#8220; _builder_version=&#8220;4.20.2&#8243; global_colors_info=&#8220;{}&#8220; button_text_size__hover_enabled=&#8220;off&#8220; button_one_text_size__hover_enabled=&#8220;off&#8220; button_two_text_size__hover_enabled=&#8220;off&#8220; button_text_color__hover_enabled=&#8220;off&#8220; button_one_text_color__hover_enabled=&#8220;off&#8220; button_two_text_color__hover_enabled=&#8220;off&#8220; button_border_width__hover_enabled=&#8220;off&#8220; button_one_border_width__hover_enabled=&#8220;off&#8220; button_two_border_width__hover_enabled=&#8220;off&#8220; button_border_color__hover_enabled=&#8220;off&#8220; button_one_border_color__hover_enabled=&#8220;off&#8220; button_two_border_color__hover_enabled=&#8220;off&#8220; button_border_radius__hover_enabled=&#8220;off&#8220; button_one_border_radius__hover_enabled=&#8220;off&#8220; button_two_border_radius__hover_enabled=&#8220;off&#8220; button_letter_spacing__hover_enabled=&#8220;off&#8220; button_one_letter_spacing__hover_enabled=&#8220;off&#8220; button_two_letter_spacing__hover_enabled=&#8220;off&#8220; button_bg_color__hover_enabled=&#8220;off&#8220; button_one_bg_color__hover_enabled=&#8220;off&#8220; button_two_bg_color__hover_enabled=&#8220;off&#8220;][\/et_pb_contact_field][et_pb_contact_field field_id=&#8220;Satzung&#8220; field_title=&#8220; &#8220; field_type=&#8220;checkbox&#8220; checkbox_options=&#8220;%91{%22value%22:%22Ich habe die Satzung des F\u00f6rderverein Grundschule Osann-Monzel e.V. gelesen.  %22,%22checked%22:0,%22dragID%22:-1,%22link_url%22:%22https:\/\/foerderverein-gs-osann-monzel.de\/cms\/die-satzung\/%22,%22link_text%22:%22Zur Satzung %22}%93&#8243; fullwidth_field=&#8220;on&#8220; _builder_version=&#8220;4.20.2&#8243; _module_preset=&#8220;default&#8220; global_colors_info=&#8220;{}&#8220;][\/et_pb_contact_field][et_pb_contact_field field_id=&#8220;dsgvo&#8220; field_title=&#8220; &#8220; field_type=&#8220;checkbox&#8220; checkbox_options=&#8220;%91{%22value%22:%22Bitte beachten Sie folgende Bedingung vor dem Absenden des Formulars: Mit dem Absenden des Formulars erkl\u00e4ren Sie sich damit einverstanden, dass Ihre Daten zur Bearbeitung Ihrer Anfrage gespeichert und verwendet werden. Weitere Informationen finden Sie in unserer %22,%22checked%22:0,%22dragID%22:-1,%22link_url%22:%22https:\/\/foerderverein-gs-osann-monzel.de\/cms\/datenschutzerklaerung\/%22,%22link_text%22:%22Datenschutzerkl\u00e4rung %22}%93&#8243; fullwidth_field=&#8220;on&#8220; _builder_version=&#8220;4.20.2&#8243; _module_preset=&#8220;default&#8220; global_colors_info=&#8220;{}&#8220;][\/et_pb_contact_field][\/et_pb_contact_form][et_pb_text _builder_version=&#8220;4.19.5&#8243; _module_preset=&#8220;default&#8220; global_colors_info=&#8220;{}&#8220;]<\/p>\n<p>(*) Pflichtfeld<\/p>\n<p>[\/et_pb_text][\/et_pb_column][et_pb_column type=&#8220;1_2&#8243; _builder_version=&#8220;4.19.5&#8243; _module_preset=&#8220;default&#8220; global_colors_info=&#8220;{}&#8220;][et_pb_text _builder_version=&#8220;4.20.2&#8243; _module_preset=&#8220;default&#8220; custom_margin=&#8220;2px|||||&#8220; global_colors_info=&#8220;{}&#8220;]<\/p>\n<div class=\"formcontainer2\">\n<p><strong>Wie geht es weiter ?<\/strong><\/p>\n<p>Nach dem Absenden des Formulars, werden wir die weiteren Unterlagen zum Mitgliederantrag per Mail zusenden.<\/p>\n<p>Dazu geh\u00f6rt u.a. die Erteilung der Einzugserm\u00e4chtigung, die aktuelle Fassung der Satzung, Hinweise und Einwilligung zur Ver\u00f6ffentlichung von Fotos und Daten in Berichten \u00fcber Veranstaltungen des F\u00f6rdervereins &#8230;<\/p>\n<\/div>\n<p>&nbsp;<\/p>\n<p>[\/et_pb_text][et_pb_image src=&#8220;https:\/\/foerderverein-gs-osann-monzel.de\/cms\/wp-content\/uploads\/2023\/02\/logo-1.png&#8220; title_text=&#8220;logo 1&#8243; align=&#8220;center&#8220; _builder_version=&#8220;4.20.2&#8243; _module_preset=&#8220;default&#8220; global_colors_info=&#8220;{}&#8220;][\/et_pb_image][\/et_pb_column][\/et_pb_row][\/et_pb_section]<\/p>\n","protected":false},"excerpt":{"rendered":"<p>Du m\u00f6chtest dem F\u00f6rderverein Grundschule Osann-Monzel e.V. als Mitglied beitreten ? Du kannst dich \u00fcber das u.a. Registrierungs-Formular anmelden oder alternativ \u00fcber unser Formular im Flyer des F\u00f6rdervereins, der hier zum Download bereitgestellt wird. Diesen kannst du einfach beim Vorstand abgeben. Der Mitgliedsbeitrag betr\u00e4gt 12,00 EUR pro Jahr. Auf Wunsch endet die Mitgliedschaft automatisch mit [&hellip;]<\/p>\n","protected":false},"author":2,"featured_media":0,"parent":0,"menu_order":0,"comment_status":"closed","ping_status":"closed","template":"","meta":{"_et_pb_use_builder":"on","_et_pb_old_content":"","_et_gb_content_width":"","footnotes":""},"class_list":["post-987489061","page","type-page","status-publish","hentry"],"_links":{"self":[{"href":"https:\/\/foerderverein-gs-osann-monzel.de\/cms\/wp-json\/wp\/v2\/pages\/987489061","targetHints":{"allow":["GET"]}}],"collection":[{"href":"https:\/\/foerderverein-gs-osann-monzel.de\/cms\/wp-json\/wp\/v2\/pages"}],"about":[{"href":"https:\/\/foerderverein-gs-osann-monzel.de\/cms\/wp-json\/wp\/v2\/types\/page"}],"author":[{"embeddable":true,"href":"https:\/\/foerderverein-gs-osann-monzel.de\/cms\/wp-json\/wp\/v2\/users\/2"}],"replies":[{"embeddable":true,"href":"https:\/\/foerderverein-gs-osann-monzel.de\/cms\/wp-json\/wp\/v2\/comments?post=987489061"}],"version-history":[{"count":12,"href":"https:\/\/foerderverein-gs-osann-monzel.de\/cms\/wp-json\/wp\/v2\/pages\/987489061\/revisions"}],"predecessor-version":[{"id":987489143,"href":"https:\/\/foerderverein-gs-osann-monzel.de\/cms\/wp-json\/wp\/v2\/pages\/987489061\/revisions\/987489143"}],"wp:attachment":[{"href":"https:\/\/foerderverein-gs-osann-monzel.de\/cms\/wp-json\/wp\/v2\/media?parent=987489061"}],"curies":[{"name":"wp","href":"https:\/\/api.w.org\/{rel}","templated":true}]}}