{"id":27,"date":"2023-02-01T16:40:37","date_gmt":"2023-02-01T15:40:37","guid":{"rendered":"https:\/\/foerderverein-gs-osann-monzel.de\/cms\/?page_id=27"},"modified":"2024-04-08T21:13:29","modified_gmt":"2024-04-08T19:13:29","slug":"der-verein","status":"publish","type":"page","link":"https:\/\/foerderverein-gs-osann-monzel.de\/cms\/der-verein\/","title":{"rendered":"Der Verein"},"content":{"rendered":"<p>[et_pb_section fb_built=&#8220;1&#8243; _builder_version=&#8220;4.19.5&#8243; _module_preset=&#8220;default&#8220; custom_padding=&#8220;5px|||||&#8220; global_colors_info=&#8220;{}&#8220;][et_pb_row column_structure=&#8220;1_2,1_2&#8243; _builder_version=&#8220;4.19.5&#8243; _module_preset=&#8220;default&#8220; global_colors_info=&#8220;{}&#8220;][et_pb_column type=&#8220;1_2&#8243; _builder_version=&#8220;4.19.5&#8243; _module_preset=&#8220;default&#8220; custom_padding=&#8220;|||27px|false|false&#8220; global_colors_info=&#8220;{}&#8220;][et_pb_button button_url=&#8220;@ET-DC@eyJkeW5hbWljIjp0cnVlLCJjb250ZW50IjoicG9zdF9saW5rX3VybF9wYWdlIiwic2V0dGluZ3MiOnsicG9zdF9pZCI6IjI5In19@&#8220; button_text=&#8220;Der Vorstand&#8220; button_alignment=&#8220;right&#8220; _builder_version=&#8220;4.19.5&#8243; _dynamic_attributes=&#8220;button_url&#8220; _module_preset=&#8220;default&#8220; custom_button=&#8220;on&#8220; button_text_size=&#8220;1.05vw&#8220; button_font=&#8220;|||on|||||&#8220; custom_margin=&#8220;1px||30px|||&#8220; hover_enabled=&#8220;0&#8243; global_colors_info=&#8220;{}&#8220; button_alignment_last_edited=&#8220;on|tablet&#8220; sticky_enabled=&#8220;0&#8243; button_alignment_phone=&#8220;center&#8220; custom_margin_last_edited=&#8220;on|phone&#8220; custom_margin_phone=&#8220;0px||0px||false|false&#8220; button_text_size_last_edited=&#8220;on|tablet&#8220; button_text_size_tablet=&#8220;2.7vw&#8220; button_text_size_phone=&#8220;5vw&#8220; button_alignment_tablet=&#8220;center&#8220; button_use_icon=&#8220;off&#8220; custom_padding=&#8220;|69px||69px|false|true&#8220; custom_margin_tablet=&#8220;0px||0px|-30px|false|false&#8220;][\/et_pb_button][\/et_pb_column][et_pb_column type=&#8220;1_2&#8243; _builder_version=&#8220;4.19.5&#8243; _module_preset=&#8220;default&#8220; global_colors_info=&#8220;{}&#8220;][et_pb_button button_url=&#8220;@ET-DC@eyJkeW5hbWljIjp0cnVlLCJjb250ZW50IjoicG9zdF9saW5rX3VybF9wYWdlIiwic2V0dGluZ3MiOnsicG9zdF9pZCI6IjMxIn19@&#8220; button_text=&#8220;Die Satzung&#8220; _builder_version=&#8220;4.19.5&#8243; _dynamic_attributes=&#8220;button_url&#8220; _module_preset=&#8220;default&#8220; custom_button=&#8220;on&#8220; button_text_size=&#8220;1.05vw&#8220; button_font=&#8220;|||on|||||&#8220; custom_margin=&#8220;1px||30px|||&#8220; hover_enabled=&#8220;0&#8243; global_colors_info=&#8220;{}&#8220; sticky_enabled=&#8220;0&#8243; button_alignment_last_edited=&#8220;on|tablet&#8220; button_alignment_tablet=&#8220;center&#8220; button_alignment_phone=&#8220;center&#8220; button_text_size_last_edited=&#8220;on|phone&#8220; button_text_size_tablet=&#8220;2.7vw&#8220; button_text_size_phone=&#8220;5vw&#8220; button_use_icon=&#8220;off&#8220; custom_padding=&#8220;|80px||80px|false|true&#8220;][\/et_pb_button][\/et_pb_column][\/et_pb_row][et_pb_row _builder_version=&#8220;4.19.5&#8243; _module_preset=&#8220;default&#8220; column_structure=&#8220;3_5,2_5&#8243;][et_pb_column _builder_version=&#8220;4.19.5&#8243; _module_preset=&#8220;default&#8220; type=&#8220;3_5&#8243;][et_pb_text _builder_version=&#8220;4.19.5&#8243; _module_preset=&#8220;default&#8220; hover_enabled=&#8220;0&#8243; sticky_enabled=&#8220;0&#8243; custom_padding=&#8220;|25px||25px|false|true&#8220;]<\/p>\n<h2>Gemeinsam machen wir uns stark f\u00fcr unsere Kinder<\/h2>\n<p>&nbsp;<\/p>\n<p>Der F\u00f6rderverein der Grundschule Osann-Monzel besteht aus Eltern, Lehrern und Mitb\u00fcrgern, die Interesse an der F\u00f6rderung der Grundschule Osann-Monzel haben und\u00a0macht es sich seit der Gr\u00fcndung am 13. M\u00e4rz 2013 zur Aufgabe, die Grundschule zu unterst\u00fctzen und Aktivit\u00e4ten zu f\u00f6rdern, die nicht vom Schultr\u00e4ger \u00fcbernommen werden k\u00f6nnen.<\/p>\n<p>Am 24. April 2013 wurde der Verein vom Finanzamt Bernkastel-Wittlich als gemeinn\u00fctzig anerkannt.<\/p>\n<p><strong>Unsere Ziele sind es<\/strong><\/p>\n<ul>\n<li><span>Die bestm\u00f6glichen Voraussetzungen f\u00fcr die Entwicklung unserer Kinder schaffen.<\/span><\/li>\n<li>Das Vertrauensverh\u00e4ltnis zwischen Elternschaft, Lehrern und Sch\u00fclern pflegen.<\/li>\n<li>Die Schularbeit ideell und materiell f\u00f6rdern .<\/li>\n<li>Die Zukunft unserer Schule sichern.<\/li>\n<\/ul>\n<p>&nbsp;<\/p>\n<p><strong>Daher sucht der Vorstand \u00a0noch weitere Mitstreiter<\/strong><\/p>\n<ul>\n<li>um Ideen f\u00fcr seine Ziele zu sammeln<\/li>\n<li>unsere Schule zu unterst\u00fctzen<\/li>\n<li>Hilfestellung zu geben<\/li>\n<li>die Schule als Lebensort mitzugestalten<\/li>\n<\/ul>\n<p>[\/et_pb_text][\/et_pb_column][et_pb_column _builder_version=&#8220;4.19.5&#8243; _module_preset=&#8220;default&#8220; type=&#8220;2_5&#8243;][et_pb_image _builder_version=&#8220;4.19.5&#8243; _module_preset=&#8220;default&#8220; title_text=&#8220;logo 1&#8243; src=&#8220;https:\/\/foerderverein-gs-osann-monzel.de\/cms\/wp-content\/uploads\/2023\/02\/logo-1.png&#8220; hover_enabled=&#8220;0&#8243; sticky_enabled=&#8220;0&#8243; align_last_edited=&#8220;on|phone&#8220; align_tablet=&#8220;center&#8220; force_fullwidth=&#8220;on&#8220; custom_margin=&#8220;||||true|true&#8220; custom_padding=&#8220;10px|90px|10px|90px|true|true&#8220; custom_padding_last_edited=&#8220;on|desktop&#8220; custom_padding_tablet=&#8220;|100px||100px|true|true&#8220; custom_padding_phone=&#8220;|60px||60px|true|true&#8220; align_phone=&#8220;right&#8220;][\/et_pb_image][\/et_pb_column][\/et_pb_row][et_pb_row _builder_version=&#8220;4.19.5&#8243; _module_preset=&#8220;default&#8220; global_colors_info=&#8220;{%22gcid-24fc720d-547e-47fd-9ac1-40d731088a91%22:%91%22background_color%22%93}&#8220; background_color=&#8220;gcid-24fc720d-547e-47fd-9ac1-40d731088a91&#8243; hover_enabled=&#8220;0&#8243; sticky_enabled=&#8220;0&#8243; custom_padding=&#8220;||11px|||&#8220;][et_pb_column _builder_version=&#8220;4.19.5&#8243; _module_preset=&#8220;default&#8220; type=&#8220;4_4&#8243;][et_pb_text _builder_version=&#8220;4.19.5&#8243; _module_preset=&#8220;default&#8220; header_font=&#8220;|||on|||||&#8220; header_text_color=&#8220;#FFFFFF&#8220; hover_enabled=&#8220;0&#8243; sticky_enabled=&#8220;0&#8243; custom_margin=&#8220;-21px|||||&#8220; text_font_size_last_edited=&#8220;on|tablet&#8220; text_font_size_tablet=&#8220;16px&#8220; header_text_align=&#8220;center&#8220; header_text_align_last_edited=&#8220;off|tablet&#8220; header_font_size_last_edited=&#8220;on|phone&#8220; header_font_size_tablet=&#8220;25px&#8220; header_font_size_phone=&#8220;18px&#8220; custom_padding_last_edited=&#8220;on|phone&#8220; custom_padding_phone=&#8220;|15px||15px|false|true&#8220; text_font_size_phone=&#8220;16px&#8220;]<\/p>\n<h1 style=\"text-align: center;\"><strong>Jeder kann Mitglied werden!<\/strong><\/h1>\n<p>[\/et_pb_text][\/et_pb_column][\/et_pb_row][\/et_pb_section]<\/p>\n","protected":false},"excerpt":{"rendered":"<p>Gemeinsam machen wir uns stark f\u00fcr unsere Kinder &nbsp; Der F\u00f6rderverein der Grundschule Osann-Monzel besteht aus Eltern, Lehrern und Mitb\u00fcrgern, die Interesse an der F\u00f6rderung der Grundschule Osann-Monzel haben und\u00a0macht es sich seit der Gr\u00fcndung am 13. M\u00e4rz 2013 zur Aufgabe, die Grundschule zu unterst\u00fctzen und Aktivit\u00e4ten zu f\u00f6rdern, die nicht vom Schultr\u00e4ger \u00fcbernommen werden [&hellip;]<\/p>\n","protected":false},"author":2,"featured_media":0,"parent":0,"menu_order":0,"comment_status":"closed","ping_status":"closed","template":"","meta":{"_et_pb_use_builder":"on","_et_pb_old_content":"","_et_gb_content_width":"","footnotes":""},"class_list":["post-27","page","type-page","status-publish","hentry"],"_links":{"self":[{"href":"https:\/\/foerderverein-gs-osann-monzel.de\/cms\/wp-json\/wp\/v2\/pages\/27","targetHints":{"allow":["GET"]}}],"collection":[{"href":"https:\/\/foerderverein-gs-osann-monzel.de\/cms\/wp-json\/wp\/v2\/pages"}],"about":[{"href":"https:\/\/foerderverein-gs-osann-monzel.de\/cms\/wp-json\/wp\/v2\/types\/page"}],"author":[{"embeddable":true,"href":"https:\/\/foerderverein-gs-osann-monzel.de\/cms\/wp-json\/wp\/v2\/users\/2"}],"replies":[{"embeddable":true,"href":"https:\/\/foerderverein-gs-osann-monzel.de\/cms\/wp-json\/wp\/v2\/comments?post=27"}],"version-history":[{"count":12,"href":"https:\/\/foerderverein-gs-osann-monzel.de\/cms\/wp-json\/wp\/v2\/pages\/27\/revisions"}],"predecessor-version":[{"id":987488962,"href":"https:\/\/foerderverein-gs-osann-monzel.de\/cms\/wp-json\/wp\/v2\/pages\/27\/revisions\/987488962"}],"wp:attachment":[{"href":"https:\/\/foerderverein-gs-osann-monzel.de\/cms\/wp-json\/wp\/v2\/media?parent=27"}],"curies":[{"name":"wp","href":"https:\/\/api.w.org\/{rel}","templated":true}]}}